{"id":494,"date":"2024-11-27T11:57:03","date_gmt":"2024-11-27T10:57:03","guid":{"rendered":"https:\/\/www.bremerhavenpilot.de\/?page_id=494"},"modified":"2025-01-29T08:09:39","modified_gmt":"2025-01-29T07:09:39","slug":"impressum","status":"publish","type":"page","link":"https:\/\/www.bremerhavenpilot.de\/en\/impressum\/","title":{"rendered":"Imprint"},"content":{"rendered":"<section id=\"main\" class=\"vc_row liquid-row-shadowbox-69f31e35210d4\"><div class=\"ld-container container\"><div class=\"row ld-row ld-row-outer\"><div class=\"wpb_column vc_column_container vc_col-sm-12 liquid-column-69f31e3521a0f\"><div class=\"vc_column-inner\" ><div class=\"wpb_wrapper\"  ><style>.ld_spacer_69f31e3521ae5{height:32px;}@media (min-width: 768px) { .ld_spacer_69f31e3521ae5{height:32px};}@media (min-width: 992px) { .ld_spacer_69f31e3521ae5{height:70px};}@media (min-width: 1200px) { .ld_spacer_69f31e3521ae5{height:150px};}<\/style>\n<div class=\"ld-empty-space ld_spacer_69f31e3521ae5\"><\/div><div class=\"vc_row vc_inner vc_row-fluid liquid-row-shadowbox-69f31e3521d91\"><div class=\"ld-container container-fluid\"><div class=\"row ld-row ld-row-inner\"><div class=\"wpb_column vc_column_container vc_col-sm-8 liquid-column-69f31e3522173\"><div class=\"vc_column-inner\" ><div class=\"wpb_wrapper\" ><style>.ld_simple_heading_69f31e352225e h1{text-transform:uppercase;color:#e93916;}.ld_simple_heading_69f31e352225e h1 {font-size:40px; } @media (min-width: 768px) { .ld_simple_heading_69f31e352225e h1 {font-size:40px; }  } @media (min-width: 992px) { .ld_simple_heading_69f31e352225e h1 {font-size:60px; }  } @media (min-width: 1200px) { .ld_simple_heading_69f31e352225e h1 {font-size:60px; }  } .ld_simple_heading_69f31e352225e h1 {line-height:46px; } @media (min-width: 768px) { .ld_simple_heading_69f31e352225e h1 {line-height:46px; }  } @media (min-width: 992px) { .ld_simple_heading_69f31e352225e h1 {line-height:66px; }  } @media (min-width: 1200px) { .ld_simple_heading_69f31e352225e h1 {line-height:66px; }  } .ld_simple_heading_69f31e352225e h1 {--element-line-height:46px; } @media (min-width: 768px) { .ld_simple_heading_69f31e352225e h1 {--element-line-height:46px; }  } @media (min-width: 992px) { .ld_simple_heading_69f31e352225e h1 {--element-line-height:66px; }  } @media (min-width: 1200px) { .ld_simple_heading_69f31e352225e h1 {--element-line-height:66px; }  } <\/style><div  class=\"lqd-simple-heading-wrap ld_simple_heading_69f31e352225e\">\n<h1 class=\"lqd-simple-heading\">\n\tImprint<\/h1>\n<\/div><style>.ld_spacer_69f31e35226b0{height:32px;}@media (min-width: 768px) { .ld_spacer_69f31e35226b0{height:32px};}@media (min-width: 992px) { .ld_spacer_69f31e35226b0{height:60px};}@media (min-width: 1200px) { .ld_spacer_69f31e35226b0{height:60px};}<\/style>\n<div class=\"ld-empty-space ld_spacer_69f31e35226b0\"><\/div>\n\t<div class=\"wpb_text_column wpb_content_element\" >\n\t\t<div class=\"wpb_wrapper\">\n\t\t\t<div class=\"content-only-small\">\n<div class=\"templates possible-list inline-block\">\n<p><strong>Hafenlotsengesellschaft Bremerhaven<\/strong>\u00a0(K\u00f6rperschaft des \u00f6ffentlichen Rechts)<\/p>\n<p>Geo-Plate-Strasse 1<br \/>\n27568 Bremerhaven<br>\nGermany<br \/>\nPhone: +49 471 40880<br \/>\n<a href=\"mailto:pilot@bremerhavenpilot.de\">pilot@bremerhavenpilot.de<\/a><\/p>\n<p>represented by<br \/>\nChairman Tobias Lei\u00df<br \/>\nVice Chairman Dirk Friedsam<br \/>\nContact person: Tobias Lei\u00df<\/p>\n<p><strong>Supervisory authority:<br \/>\n<\/strong>Senator for Economy and Ports, Zweite Schlachtpforte 3, 28195 Bremen, Germany<br \/>\nHarbour Master Bremerhaven, Columbusbahnhof, 27568 Bremerhaven, Germany<\/p>\n<p><strong>Text:<\/strong><br \/>\nJan Sander, Dirk Friedsam<\/p>\n<p><strong>Pictures:<\/strong><br \/>\nJens Kolvenbach, Dirk Friedsam<\/p>\n<p><strong>Translation:<\/strong><br \/>\nJan Sander, Dirk Friedsam<\/p>\n<p><strong>Design &amp; Programming:<br \/>\n<\/strong><a class=\"external-link\" href=\"https:\/\/www.webmen.de\/\" target=\"_blank\" rel=\"noopener\">Webmen Internet GmbH<\/a><\/p>\n<\/div>\n<\/div>\n\n\t\t<\/div>\n\t<\/div>\n<\/div><\/div><\/div><div class=\"wpb_column vc_column_container vc_col-sm-4 liquid-column-69f31e3522b2d\"><div class=\"vc_column-inner\" ><div class=\"wpb_wrapper\" ><\/div><\/div><\/div><\/div><\/div><\/div><style>.ld_spacer_69f31e3522bc5{height:168px;}@media (min-width: 1200px) { .ld_spacer_69f31e3522bc5{height:262px};}<\/style>\n<div class=\"ld-empty-space ld_spacer_69f31e3522bc5\"><\/div><\/div><\/div><\/div><\/div><\/div><\/section><section id=\"footer\" data-bg-image=\"url\" class=\"vc_row hidden-xs hidden-sm hl-footer vc_custom_1737530637089 liquid-row-shadowbox-69f31e3522fe9 vc_row-has-fill vc_row-has-bg\"><div class=\"ld-container container-fluid\"><div class=\"row ld-row ld-row-outer\"><div class=\"wpb_column vc_column_container vc_col-sm-12 liquid-column-69f31e35233f5\"><div class=\"vc_column-inner\" ><div class=\"wpb_wrapper\"  ><div class=\"vc_row vc_inner vc_row-fluid liquid-row-shadowbox-69f31e352362f\"><div class=\"ld-container container-fluid\"><div class=\"row ld-row ld-row-inner\"><style>@media (min-width: 768px) { .liquid-column-responsive-69f31e352399c > .vc_column-inner {margin-top:32px !important;  }  } @media (min-width: 992px) { .liquid-column-responsive-69f31e352399c > .vc_column-inner {margin-top:32px !important;  }  } @media (min-width: 1200px) { .liquid-column-responsive-69f31e352399c > .vc_column-inner {margin-top:-100px !important; margin-left:150px !important;  }  } <\/style><div class=\"wpb_column vc_column_container vc_col-sm-3 vc_col-xs-6 liquid-column-69f31e352399a liquid-column-responsive-69f31e352399c\"><div class=\"vc_column-inner vc_custom_1732704725675\" ><div class=\"wpb_wrapper\" >\n\t<div  class=\"wpb_single_image wpb_content_element vc_align_  liquid_vc_single_image-69f31e3524fa0\">\n\t\t\n\t\t<figure class=\"wpb_wrapper vc_figure\">\n\t\t\t<div class=\"vc_single_image-wrapper    loaded\"><img decoding=\"async\" width=\"280\" height=\"316\" src=\"https:\/\/www.bremerhavenpilot.de\/wp-content\/uploads\/2025\/01\/HL-Siegel.svg\" class=\"vc_single_image-img attachment-full\" alt=\"Siegel Hafenlootse in Bremerhaven\" title=\"HL-Siegel\" itemprop=\"image\" \/><\/div>\n\t\t<\/figure>\n\t<\/div>\n<\/div><\/div><\/div><div class=\"wpb_column vc_column_container vc_col-sm-3 vc_col-xs-6 liquid-column-69f31e3525435\"><div class=\"vc_column-inner\" ><div class=\"wpb_wrapper\" ><style>.ld_spacer_69f31e35254f7{height:98px;}<\/style>\n<div class=\"ld-empty-space ld_spacer_69f31e35254f7\"><\/div>\n\t<div class=\"wpb_text_column wpb_content_element\" >\n\t\t<div class=\"wpb_wrapper\">\n\t\t\t<p><span style=\"color: #ffffff;\"><strong>Hafenlotsengesellschaft Bremerhaven \u2028<\/strong><\/span><br \/>\n<span style=\"color: #ffffff;\">(K\u00f6rperschaft des \u00f6ffentlichen Rechts)<\/span><br \/>\n<span style=\"color: #ffffff;\">Geo-Plate-Strasse 1<\/span><br \/>\n<span style=\"color: #ffffff;\">27568 Bremerhaven<br>\nGermany<\/span><\/p>\n\n\t\t<\/div>\n\t<\/div>\n<\/div><\/div><\/div><div class=\"wpb_column vc_column_container vc_col-sm-3 vc_col-xs-6 liquid-column-69f31e35258c7\"><div class=\"vc_column-inner\" ><div class=\"wpb_wrapper\" ><style>.ld_spacer_69f31e352592d{height:98px;}<\/style>\n<div class=\"ld-empty-space ld_spacer_69f31e352592d\"><\/div>\n\t<div class=\"wpb_text_column wpb_content_element\" >\n\t\t<div class=\"wpb_wrapper\">\n\t\t\t<p><span style=\"color: #ffffff;\">Phone: <a style=\"color: #ffffff;\" href=\"tel:+4947140880\">+49 471 40880<\/a><\/span><br \/>\n<span style=\"color: #ffffff;\">Email: <a style=\"color: #ffffff;\" href=\"mailto:pilot@bremerhavenpilot.de\">pilot@bremerhavenpilot.de<\/a><\/span><\/p>\n\n\t\t<\/div>\n\t<\/div>\n<\/div><\/div><\/div><div class=\"wpb_column vc_column_container vc_col-sm-3 liquid-column-69f31e3525ce7\"><div class=\"vc_column-inner\" ><div class=\"wpb_wrapper\" ><style>.ld_spacer_69f31e3525d4d{height:98px;}<\/style>\n<div class=\"ld-empty-space ld_spacer_69f31e3525d4d\"><\/div>\n\t<div class=\"wpb_text_column wpb_content_element\" >\n\t\t<div class=\"wpb_wrapper\">\n\t\t\t<p><a href=\"https:\/\/www.bremerhavenpilot.de\/en\/impressum\/\"><span style=\"color: #ffffff;\">Imprint<\/span><\/a><br \/>\n<a href=\"https:\/\/www.bremerhavenpilot.de\/en\/datenschutz\/\"><span style=\"color: #ffffff;\">Privacy Note<\/span><\/a><br \/>\n<a href=\"https:\/\/www.bremerhavenpilot.de\/en\/barrierefreiheitserklaerung\/\"><span style=\"color: #ffffff;\">Declaration of accessibility<\/span><\/a><\/p>\n\n\t\t<\/div>\n\t<\/div>\n<\/div><\/div><\/div><\/div><\/div><\/div><style>.ld_spacer_69f31e3525e69{height:90px;}<\/style>\n<div class=\"ld-empty-space ld_spacer_69f31e3525e69\"><\/div><\/div><\/div><\/div><\/div><\/div><\/section><section data-bg-image=\"url\" class=\"vc_row hidden-md hidden-lg hl-footer vc_custom_1737016231308 liquid-row-shadowbox-69f31e35261a6 vc_row-has-fill vc_row-has-bg\"><div class=\"ld-container container-fluid\"><div class=\"row ld-row ld-row-outer\"><div class=\"wpb_column vc_column_container vc_col-sm-12 liquid-column-69f31e3526512\"><div class=\"vc_column-inner\" ><div class=\"wpb_wrapper\"  ><div class=\"vc_row vc_inner vc_row-fluid liquid-row-shadowbox-69f31e3526705\"><div class=\"ld-container container-fluid\"><div class=\"row ld-row ld-row-inner\"><div class=\"wpb_column vc_column_container vc_col-sm-12 text-center text-md-left liquid-column-69f31e3526a5e\"><div class=\"vc_column-inner\" ><div class=\"wpb_wrapper\" >\n\t<div  class=\"wpb_single_image wpb_content_element vc_align_   hl-footer-siegel liquid_vc_single_image-69f31e352be6c\">\n\t\t\n\t\t<figure class=\"wpb_wrapper vc_figure\">\n\t\t\t<div class=\"vc_single_image-wrapper    loaded\"><img decoding=\"async\" width=\"280\" height=\"316\" src=\"https:\/\/www.bremerhavenpilot.de\/wp-content\/uploads\/2025\/01\/HL-Siegel.svg\" class=\"vc_single_image-img attachment-full\" alt=\"Siegel Hafenlootse in Bremerhaven\" title=\"HL-Siegel\" itemprop=\"image\" \/><\/div>\n\t\t<\/figure>\n\t<\/div>\n<\/div><\/div><\/div><\/div><\/div><\/div><div class=\"vc_row vc_inner vc_row-fluid liquid-row-shadowbox-69f31e352c1ba\"><div class=\"ld-container container-fluid\"><div class=\"row ld-row ld-row-inner\"><style>@media (min-width: 992px) { .liquid-column-responsive-69f31e352c739 > .vc_column-inner {margin-top:32px !important;  }  } @media (min-width: 1200px) { .liquid-column-responsive-69f31e352c739 > .vc_column-inner {margin-top:-100px !important; margin-left:150px !important;  }  } <\/style><div class=\"wpb_column vc_column_container vc_col-sm-4 liquid-column-69f31e352c737 liquid-column-responsive-69f31e352c739\"><div class=\"vc_column-inner\" ><div class=\"wpb_wrapper\" >\n\t<div class=\"wpb_text_column wpb_content_element\" >\n\t\t<div class=\"wpb_wrapper\">\n\t\t\t<p><span style=\"color: #ffffff;\"><strong>Hafenlotsengesellschaft Bremerhaven \u2028<\/strong><\/span><br \/>\n<span style=\"color: #ffffff;\">(K\u00f6rperschaft des \u00f6ffentlichen Rechts)<\/span><br \/>\n<span style=\"color: #ffffff;\">Geo-Plate-Strasse 1<\/span><br \/>\n<span style=\"color: #ffffff;\">27568 Bremerhaven<br>\nGermany<\/span><\/p>\n\n\t\t<\/div>\n\t<\/div>\n<\/div><\/div><\/div><div class=\"wpb_column vc_column_container vc_col-sm-4 liquid-column-69f31e352cd28\"><div class=\"vc_column-inner\" ><div class=\"wpb_wrapper\" ><style>.ld_spacer_69f31e352cdbe{height:38px;}<\/style>\n<div class=\"ld-empty-space ld_spacer_69f31e352cdbe\"><\/div>\n\t<div class=\"wpb_text_column wpb_content_element\" >\n\t\t<div class=\"wpb_wrapper\">\n\t\t\t<p><span style=\"color: #ffffff;\">Phone: <a style=\"color: #ffffff;\" href=\"tel:+4947140880\">+49 471 40880<\/a><\/span><br \/>\n<span style=\"color: #ffffff;\">Email: <a style=\"color: #ffffff;\" href=\"mailto:pilot@bremerhavenpilot.de\">pilot@bremerhavenpilot.de<\/a><\/span><\/p>\n\n\t\t<\/div>\n\t<\/div>\n<\/div><\/div><\/div><div class=\"wpb_column vc_column_container vc_col-sm-4 liquid-column-69f31e352d2e1\"><div class=\"vc_column-inner\" ><div class=\"wpb_wrapper\" ><style>.ld_spacer_69f31e352d36f{height:38px;}<\/style>\n<div class=\"ld-empty-space ld_spacer_69f31e352d36f\"><\/div>\n\t<div class=\"wpb_text_column wpb_content_element\" >\n\t\t<div class=\"wpb_wrapper\">\n\t\t\t<p><a href=\"https:\/\/www.bremerhavenpilot.de\/en\/impressum\/\"><span style=\"color: #ffffff;\">Imprint<\/span><\/a><br \/>\n<a href=\"https:\/\/www.bremerhavenpilot.de\/en\/datenschutz\/\"><span style=\"color: #ffffff;\">Privacy Note<\/span><\/a><br \/>\n<a href=\"https:\/\/www.bremerhavenpilot.de\/en\/barrierefreiheitserklaerung\/\"><span style=\"color: #ffffff;\">Declaration of accessibility<\/span><\/a><\/p>\n\n\t\t<\/div>\n\t<\/div>\n<\/div><\/div><\/div><\/div><\/div><\/div><style>.ld_spacer_69f31e352d4f5{height:48px;}<\/style>\n<div class=\"ld-empty-space ld_spacer_69f31e352d4f5\"><\/div><\/div><\/div><\/div><\/div><\/div><\/section>","protected":false},"excerpt":{"rendered":"Impressum Hafenlotsengesellschaft Bremerhaven\u00a0(K\u00f6rperschaft des \u00f6ffentlichen Rechts) Geo-Plate-Strasse 1 27568 Bremerhaven Telefon: +49 471 40880 pilot@bremerhavenpilot.de vertreten durch 1. \u00c4ltermann Tobias Lei\u00df 2. \u00c4ltermann Dirk Friedsam Ansprechpartner: Tobias Lei\u00df Zust\u00e4ndige Aufsichtsbeh\u00f6rden: Senator f\u00fcr Wirtschaft und H\u00e4fen, Zweite Schlachtpforte 3, 28195 Bremen Hafenkapit\u00e4n Bremerhaven, Columbusbahnhof, 27568 Bremerhaven Texte: Jan Sander, Dirk Friedsam Fotomaterial: Jens Kolvenbach, Dirk Friedsam [...]","protected":false},"author":1,"featured_media":0,"parent":0,"menu_order":0,"comment_status":"closed","ping_status":"closed","template":"","meta":{"inline_featured_image":false,"footnotes":""},"class_list":["post-494","page","type-page","status-publish","hentry"],"yoast_head":"<!-- This site is optimized with the Yoast SEO plugin v27.5 - https:\/\/yoast.com\/product\/yoast-seo-wordpress\/ -->\n<title>Impressum - Hafenlotsen<\/title>\n<meta name=\"robots\" content=\"index, follow, max-snippet:-1, max-image-preview:large, max-video-preview:-1\" \/>\n<link rel=\"canonical\" href=\"https:\/\/www.bremerhavenpilot.de\/en\/impressum\/\" \/>\n<meta property=\"og:locale\" content=\"en_US\" \/>\n<meta property=\"og:type\" content=\"article\" \/>\n<meta property=\"og:title\" content=\"Impressum - Hafenlotsen\" \/>\n<meta property=\"og:url\" content=\"https:\/\/www.bremerhavenpilot.de\/en\/impressum\/\" \/>\n<meta property=\"og:site_name\" content=\"Hafenlotsen\" \/>\n<meta property=\"article:modified_time\" content=\"2025-01-29T07:09:39+00:00\" \/>\n<meta name=\"twitter:card\" content=\"summary_large_image\" \/>\n<meta name=\"twitter:label1\" content=\"Est. reading time\" \/>\n\t<meta name=\"twitter:data1\" content=\"2 minutes\" \/>\n<script type=\"application\/ld+json\" class=\"yoast-schema-graph\">{\"@context\":\"https:\\\/\\\/schema.org\",\"@graph\":[{\"@type\":\"WebPage\",\"@id\":\"https:\\\/\\\/www.bremerhavenpilot.de\\\/impressum\\\/\",\"url\":\"https:\\\/\\\/www.bremerhavenpilot.de\\\/impressum\\\/\",\"name\":\"Impressum - Hafenlotsen\",\"isPartOf\":{\"@id\":\"https:\\\/\\\/www.bremerhavenpilot.de\\\/#website\"},\"datePublished\":\"2024-11-27T10:57:03+00:00\",\"dateModified\":\"2025-01-29T07:09:39+00:00\",\"breadcrumb\":{\"@id\":\"https:\\\/\\\/www.bremerhavenpilot.de\\\/impressum\\\/#breadcrumb\"},\"inLanguage\":\"en-US\",\"potentialAction\":[{\"@type\":\"ReadAction\",\"target\":[\"https:\\\/\\\/www.bremerhavenpilot.de\\\/impressum\\\/\"]}]},{\"@type\":\"BreadcrumbList\",\"@id\":\"https:\\\/\\\/www.bremerhavenpilot.de\\\/impressum\\\/#breadcrumb\",\"itemListElement\":[{\"@type\":\"ListItem\",\"position\":1,\"name\":\"Startseite\",\"item\":\"https:\\\/\\\/www.bremerhavenpilot.de\\\/\"},{\"@type\":\"ListItem\",\"position\":2,\"name\":\"Impressum\"}]},{\"@type\":\"WebSite\",\"@id\":\"https:\\\/\\\/www.bremerhavenpilot.de\\\/#website\",\"url\":\"https:\\\/\\\/www.bremerhavenpilot.de\\\/\",\"name\":\"Hafenlotsen\",\"description\":\"\",\"potentialAction\":[{\"@type\":\"SearchAction\",\"target\":{\"@type\":\"EntryPoint\",\"urlTemplate\":\"https:\\\/\\\/www.bremerhavenpilot.de\\\/?s={search_term_string}\"},\"query-input\":{\"@type\":\"PropertyValueSpecification\",\"valueRequired\":true,\"valueName\":\"search_term_string\"}}],\"inLanguage\":\"en-US\"}]}<\/script>\n<!-- \/ Yoast SEO plugin. -->","yoast_head_json":{"title":"Impressum - Hafenlotsen","robots":{"index":"index","follow":"follow","max-snippet":"max-snippet:-1","max-image-preview":"max-image-preview:large","max-video-preview":"max-video-preview:-1"},"canonical":"https:\/\/www.bremerhavenpilot.de\/en\/impressum\/","og_locale":"en_US","og_type":"article","og_title":"Impressum - Hafenlotsen","og_url":"https:\/\/www.bremerhavenpilot.de\/en\/impressum\/","og_site_name":"Hafenlotsen","article_modified_time":"2025-01-29T07:09:39+00:00","twitter_card":"summary_large_image","twitter_misc":{"Est. reading time":"2 minutes"},"schema":{"@context":"https:\/\/schema.org","@graph":[{"@type":"WebPage","@id":"https:\/\/www.bremerhavenpilot.de\/impressum\/","url":"https:\/\/www.bremerhavenpilot.de\/impressum\/","name":"Impressum - Hafenlotsen","isPartOf":{"@id":"https:\/\/www.bremerhavenpilot.de\/#website"},"datePublished":"2024-11-27T10:57:03+00:00","dateModified":"2025-01-29T07:09:39+00:00","breadcrumb":{"@id":"https:\/\/www.bremerhavenpilot.de\/impressum\/#breadcrumb"},"inLanguage":"en-US","potentialAction":[{"@type":"ReadAction","target":["https:\/\/www.bremerhavenpilot.de\/impressum\/"]}]},{"@type":"BreadcrumbList","@id":"https:\/\/www.bremerhavenpilot.de\/impressum\/#breadcrumb","itemListElement":[{"@type":"ListItem","position":1,"name":"Startseite","item":"https:\/\/www.bremerhavenpilot.de\/"},{"@type":"ListItem","position":2,"name":"Impressum"}]},{"@type":"WebSite","@id":"https:\/\/www.bremerhavenpilot.de\/#website","url":"https:\/\/www.bremerhavenpilot.de\/","name":"Hafenlotsen","description":"","potentialAction":[{"@type":"SearchAction","target":{"@type":"EntryPoint","urlTemplate":"https:\/\/www.bremerhavenpilot.de\/?s={search_term_string}"},"query-input":{"@type":"PropertyValueSpecification","valueRequired":true,"valueName":"search_term_string"}}],"inLanguage":"en-US"}]}},"_links":{"self":[{"href":"https:\/\/www.bremerhavenpilot.de\/en\/wp-json\/wp\/v2\/pages\/494","targetHints":{"allow":["GET"]}}],"collection":[{"href":"https:\/\/www.bremerhavenpilot.de\/en\/wp-json\/wp\/v2\/pages"}],"about":[{"href":"https:\/\/www.bremerhavenpilot.de\/en\/wp-json\/wp\/v2\/types\/page"}],"author":[{"embeddable":true,"href":"https:\/\/www.bremerhavenpilot.de\/en\/wp-json\/wp\/v2\/users\/1"}],"replies":[{"embeddable":true,"href":"https:\/\/www.bremerhavenpilot.de\/en\/wp-json\/wp\/v2\/comments?post=494"}],"version-history":[{"count":16,"href":"https:\/\/www.bremerhavenpilot.de\/en\/wp-json\/wp\/v2\/pages\/494\/revisions"}],"predecessor-version":[{"id":783,"href":"https:\/\/www.bremerhavenpilot.de\/en\/wp-json\/wp\/v2\/pages\/494\/revisions\/783"}],"wp:attachment":[{"href":"https:\/\/www.bremerhavenpilot.de\/en\/wp-json\/wp\/v2\/media?parent=494"}],"curies":[{"name":"wp","href":"https:\/\/api.w.org\/{rel}","templated":true}]}}