{"id":496,"date":"2024-11-27T11:57:46","date_gmt":"2024-11-27T10:57:46","guid":{"rendered":"https:\/\/www.bremerhavenpilot.de\/?page_id=496"},"modified":"2026-01-30T10:57:04","modified_gmt":"2026-01-30T09:57:04","slug":"barrierefreiheitserklaerung","status":"publish","type":"page","link":"https:\/\/www.bremerhavenpilot.de\/en\/barrierefreiheitserklaerung\/","title":{"rendered":"Declaration of accessibility"},"content":{"rendered":"<section id=\"main\" class=\"vc_row liquid-row-shadowbox-69f31c2b311e7\"><div class=\"ld-container container\"><div class=\"row ld-row ld-row-outer\"><div class=\"wpb_column vc_column_container vc_col-sm-12 liquid-column-69f31c2b31ae2\"><div class=\"vc_column-inner\" ><div class=\"wpb_wrapper\"  ><style>.ld_spacer_69f31c2b31bd4{height:32px;}@media (min-width: 768px) { .ld_spacer_69f31c2b31bd4{height:32px};}@media (min-width: 992px) { .ld_spacer_69f31c2b31bd4{height:70px};}@media (min-width: 1200px) { .ld_spacer_69f31c2b31bd4{height:150px};}<\/style>\n<div class=\"ld-empty-space ld_spacer_69f31c2b31bd4\"><\/div><div class=\"vc_row vc_inner vc_row-fluid liquid-row-shadowbox-69f31c2b31eec\"><div class=\"ld-container container-fluid\"><div class=\"row ld-row ld-row-inner\"><div class=\"wpb_column vc_column_container vc_col-sm-8 liquid-column-69f31c2b322bd\"><div class=\"vc_column-inner\" ><div class=\"wpb_wrapper\" ><style>.ld_simple_heading_69f31c2b32394 h1{text-transform:uppercase;color:#e93916;}.ld_simple_heading_69f31c2b32394 h1 {font-size:40px; } @media (min-width: 768px) { .ld_simple_heading_69f31c2b32394 h1 {font-size:40px; }  } @media (min-width: 992px) { .ld_simple_heading_69f31c2b32394 h1 {font-size:60px; }  } @media (min-width: 1200px) { .ld_simple_heading_69f31c2b32394 h1 {font-size:60px; }  } .ld_simple_heading_69f31c2b32394 h1 {line-height:46px; } @media (min-width: 768px) { .ld_simple_heading_69f31c2b32394 h1 {line-height:46px; }  } @media (min-width: 992px) { .ld_simple_heading_69f31c2b32394 h1 {line-height:66px; }  } @media (min-width: 1200px) { .ld_simple_heading_69f31c2b32394 h1 {line-height:66px; }  } .ld_simple_heading_69f31c2b32394 h1 {--element-line-height:46px; } @media (min-width: 768px) { .ld_simple_heading_69f31c2b32394 h1 {--element-line-height:46px; }  } @media (min-width: 992px) { .ld_simple_heading_69f31c2b32394 h1 {--element-line-height:66px; }  } @media (min-width: 1200px) { .ld_simple_heading_69f31c2b32394 h1 {--element-line-height:66px; }  } <\/style><div  class=\"lqd-simple-heading-wrap ld_simple_heading_69f31c2b32394\">\n<h1 class=\"lqd-simple-heading\">\n\tAccessibility Statement<\/h1>\n<\/div><style>.ld_spacer_69f31c2b32821{height:32px;}@media (min-width: 768px) { .ld_spacer_69f31c2b32821{height:32px};}@media (min-width: 992px) { .ld_spacer_69f31c2b32821{height:60px};}@media (min-width: 1200px) { .ld_spacer_69f31c2b32821{height:60px};}<\/style>\n<div class=\"ld-empty-space ld_spacer_69f31c2b32821\"><\/div>\n\t<div class=\"wpb_text_column wpb_content_element\" >\n\t\t<div class=\"wpb_wrapper\">\n\t\t\t<p class=\"translation-block\">We strive to make this website or mobile application accessible. A declaration of accessibility is required in the  <a href=\"https:\/\/www.transparenz.bremen.de\/metainformationen\/bremisches-behindertengleichstellungsgesetz-brembgg-vom-18-dezember-2018-124514?asl=bremen203_tpgesetz.c.55340.de&amp;template=20_gp_ifg_meta_detail_d\" rel=\"noopener\" target=\"_self\">Disability Equality Act of the Federal State of Bremen<\/a>. The technical requirements for accessibility result from BITV 2.0.<\/p>\n<p class=\"translation-block\">This declaration on digital accessibility applies to the website of the Hafenlotsengesellschaft Bremerhaven (Corporation under public law) published at <strong>https:\/\/www.bremerhavenpilot.de\/<\/strong>.<\/p>\n\n\t\t<\/div>\n\t<\/div>\n<style>.ld_spacer_69f31c2b3299f{height:32px;}@media (min-width: 768px) { .ld_spacer_69f31c2b3299f{height:32px};}@media (min-width: 992px) { .ld_spacer_69f31c2b3299f{height:60px};}@media (min-width: 1200px) { .ld_spacer_69f31c2b3299f{height:60px};}<\/style>\n<div class=\"ld-empty-space ld_spacer_69f31c2b3299f\"><\/div><style>.ld_simple_heading_69f31c2b32a13 h2{text-transform:uppercase;color:#103544;}.ld_simple_heading_69f31c2b32a13 h2 {font-size:24px; } .ld_simple_heading_69f31c2b32a13 h2 {line-height:34px; } .ld_simple_heading_69f31c2b32a13 h2 {--element-line-height:34px; } <\/style><div  class=\"lqd-simple-heading-wrap ld_simple_heading_69f31c2b32a13\">\n<h2 class=\"lqd-simple-heading\">\n\t<\/p>\n<h2>How accessible is this website?<\/h2>\n<p><\/h2>\n<\/div>\n\t<div class=\"wpb_text_column wpb_content_element\" >\n\t\t<div class=\"wpb_wrapper\">\n\t\t\t<p>This website is essentially accessible. The requirements of BITV 2.0 are essentially met.<\/p>\n<p class=\"translation-block\">The verification of compliance with the requirements is based on a self-assessment carried out by  <strong>Webmen Internet GmbH<\/strong> in the period from <strong>December 15, 2024 to December 31, 2024<\/strong>.<\/p>\n\n\t\t<\/div>\n\t<\/div>\n<style>.ld_spacer_69f31c2b32b3e{height:32px;}@media (min-width: 768px) { .ld_spacer_69f31c2b32b3e{height:32px};}@media (min-width: 992px) { .ld_spacer_69f31c2b32b3e{height:60px};}@media (min-width: 1200px) { .ld_spacer_69f31c2b32b3e{height:60px};}<\/style>\n<div class=\"ld-empty-space ld_spacer_69f31c2b32b3e\"><\/div><style>.ld_simple_heading_69f31c2b32bc2 h2{text-transform:uppercase;color:#103544;}.ld_simple_heading_69f31c2b32bc2 h2 {font-size:24px; } .ld_simple_heading_69f31c2b32bc2 h2 {line-height:34px; } .ld_simple_heading_69f31c2b32bc2 h2 {--element-line-height:34px; } <\/style><div  class=\"lqd-simple-heading-wrap ld_simple_heading_69f31c2b32bc2\">\n<h2 class=\"lqd-simple-heading\">\n\t<\/p>\n<h2>Which areas are not accessible?<\/h2>\n<p><\/h2>\n<\/div>\n\t<div class=\"wpb_text_column wpb_content_element\" >\n\t\t<div class=\"wpb_wrapper\">\n\t\t\t<p>An external page from Trenz AG is integrated under the navigation point \u201cThe Port\u201d. This provides information about the locations of ships in the Bremerhaven port area. This site is not accessible. Since it provides very clear information about the current ships in Bremerhaven, it is particularly important for our customers. A accessible alternative is currently not available.<\/p>\n<p>The footer cannot currently be accessed as a landmark.<\/p>\n<p>The footer cannot currently be accessed as a landmark.\nInformation for navigation and content is not available in plain language and sign language.\nAs a small organization, we are currently unable to produce information in easy language and sign language. As soon as sufficient financial resources are available, we will order the production.<\/p>\n\n\t\t<\/div>\n\t<\/div>\n<style>.ld_spacer_69f31c2b32d21{height:32px;}@media (min-width: 768px) { .ld_spacer_69f31c2b32d21{height:32px};}@media (min-width: 992px) { .ld_spacer_69f31c2b32d21{height:60px};}@media (min-width: 1200px) { .ld_spacer_69f31c2b32d21{height:60px};}<\/style>\n<div class=\"ld-empty-space ld_spacer_69f31c2b32d21\"><\/div><style>.ld_simple_heading_69f31c2b32db7 h2{text-transform:uppercase;color:#103544;}.ld_simple_heading_69f31c2b32db7 h2 {font-size:24px; } .ld_simple_heading_69f31c2b32db7 h2 {line-height:34px; } .ld_simple_heading_69f31c2b32db7 h2 {--element-line-height:34px; } <\/style><div  class=\"lqd-simple-heading-wrap ld_simple_heading_69f31c2b32db7\">\n<h2 class=\"lqd-simple-heading\">\n\t<\/p>\n<h2>When was the accessibility statement created?<\/h2>\n<p><\/h2>\n<\/div>\n\t<div class=\"wpb_text_column wpb_content_element\" >\n\t\t<div class=\"wpb_wrapper\">\n\t\t\t<p>This declaration was created or revised on <strong>30.12.2025<\/strong>\u00a0erstellt bzw. \u00fcberarbeitet.<\/p>\n\n\t\t<\/div>\n\t<\/div>\n<style>.ld_simple_heading_69f31c2b32f2e h2{text-transform:uppercase;color:#103544;}.ld_simple_heading_69f31c2b32f2e h2 {font-size:24px; } .ld_simple_heading_69f31c2b32f2e h2 {line-height:34px; } .ld_simple_heading_69f31c2b32f2e h2 {--element-line-height:34px; } <\/style><div  class=\"lqd-simple-heading-wrap ld_simple_heading_69f31c2b32f2e\">\n<h2 class=\"lqd-simple-heading\">\n\t<\/p>\n<h2 class=\"western\"><span style=\"color: #000000;\">Do you want to report barriers?<\/span><\/h2>\n<p><\/h2>\n<\/div>\n\t<div class=\"wpb_text_column wpb_content_element\" >\n\t\t<div class=\"wpb_wrapper\">\n\t\t\t<p>We would like to further improve our web offer. Please let us know your problems and questions about digital accessibility:<\/p>\n<p><strong>Hafenlotsengesellschaft Bremerhaven<\/strong> (K\u00f6rperschaft des \u00f6ffentlichen Rechts)<br \/>\nGeo-Plate-Strasse 1<br \/>\n27568 Bremerhaven<br>\nGermany<\/p>\n<p>Phone: +49 471 40880<\/p>\n<p><a href=\"mailto:pilot@bremerhavenpilot.de\">pilot@bremerhavenpilot.de<\/a><\/p>\n<p>Contact the Central Office for Accessible Information Technology of the Federal State of Bremen.<\/p>\n<p>If you have not been successful in contacting the public body, you can contact the Central Office for Accessible Information Technology. They also provide further information on enforcement. <a href=\"https:\/\/www.behindertenbeauftragter.bremen.de\/der_beauftragte\/zentralstelle_fuer_barrierefreie_informationstechnik\/beschwerdeformular_zentralstelle-28047\">Zentralstelle f\u00fcr barrierefreie Informationstechnik<\/a> wenden. Diese bietet auch weitere <a href=\"https:\/\/www.behindertenbeauftragter.bremen.de\/der_beauftragte\/zentralstelle_fuer_barrierefreie_informationstechnik-28011\">Informationen zur Durchsetzung<\/a>.<\/p>\n\n\t\t<\/div>\n\t<\/div>\n<\/div><\/div><\/div><div class=\"hidden-in-en wpb_column vc_column_container vc_col-sm-4 text-md-center liquid-column-69f31c2b333a2\"><div class=\"vc_column-inner\" ><div class=\"wpb_wrapper\" >\n\t<div  class=\"wpb_single_image wpb_content_element vc_align_   hl-bf-dgs liquid_vc_single_image-69f31c2b34818\">\n\t\t\n\t\t<figure class=\"wpb_wrapper vc_figure\">\n\t\t\t<a href=\"https:\/\/www.bremerhavenpilot.de\/en\/barrierefreiheitserklaerung\/barrierefreiheitserklaerung-in-gebaerdensprache\/\" title=\"Declaration of accessibility in sign language\"><img decoding=\"async\" width=\"14\" height=\"15\" src=\"https:\/\/www.bremerhavenpilot.de\/wp-content\/uploads\/2025\/01\/wm_icon_gebaerdensprache.svg\" class=\"vc_single_image-img attachment-full\" alt=\"Interner Link zur Barrierefreiheit in Geb\u00e4rdensprache\" title=\"Interner Link zur Barrierefreiheit in Geb\u00e4rdensprache\" itemprop=\"image\" \/><\/a>\n\t\t<\/figure>\n\t<\/div>\n<style>.ld_spacer_69f31c2b3485b{height:32px;}<\/style>\n<div class=\"ld-empty-space ld_spacer_69f31c2b3485b\"><\/div>\n\t<div  class=\"wpb_single_image wpb_content_element vc_align_   hl-bf-ls liquid_vc_single_image-69f31c2b38819\">\n\t\t\n\t\t<figure class=\"wpb_wrapper vc_figure\">\n\t\t\t<a href=\"https:\/\/www.bremerhavenpilot.de\/en\/barrierefreiheitserklaerung\/barrierefreiheitserklaerung-in-leichter-sprache\/\" title=\"Accessibility declaration in plain language\"><img decoding=\"async\" width=\"13\" height=\"15\" src=\"https:\/\/www.bremerhavenpilot.de\/wp-content\/uploads\/2025\/01\/wm_icon_leichte_sprache.svg\" class=\"vc_single_image-img attachment-full\" alt=\"Interner Link zur Barrierefreiheit in Leichter Sprache\" title=\"Interner Link zur Barrierefreiheit in Leichter Sprache\" itemprop=\"image\" \/><\/a>\n\t\t<\/figure>\n\t<\/div>\n<\/div><\/div><\/div><\/div><\/div><\/div><style>.ld_spacer_69f31c2b38922{height:168px;}@media (min-width: 1200px) { .ld_spacer_69f31c2b38922{height:262px};}<\/style>\n<div class=\"ld-empty-space ld_spacer_69f31c2b38922\"><\/div><\/div><\/div><\/div><\/div><\/div><\/section><section id=\"footer\" data-bg-image=\"url\" class=\"vc_row hidden-xs hidden-sm hl-footer vc_custom_1737530815253 liquid-row-shadowbox-69f31c2b38d45 vc_row-has-fill vc_row-has-bg\"><div class=\"ld-container container-fluid\"><div class=\"row ld-row ld-row-outer\"><div class=\"wpb_column vc_column_container vc_col-sm-12 liquid-column-69f31c2b391a9\"><div class=\"vc_column-inner\" ><div class=\"wpb_wrapper\"  ><div class=\"vc_row vc_inner vc_row-fluid liquid-row-shadowbox-69f31c2b393f2\"><div class=\"ld-container container-fluid\"><div class=\"row ld-row ld-row-inner\"><style>@media (min-width: 768px) { .liquid-column-responsive-69f31c2b3977a > .vc_column-inner {margin-top:32px !important;  }  } @media (min-width: 992px) { .liquid-column-responsive-69f31c2b3977a > .vc_column-inner {margin-top:32px !important;  }  } @media (min-width: 1200px) { .liquid-column-responsive-69f31c2b3977a > .vc_column-inner {margin-top:-100px !important; margin-left:150px !important;  }  } <\/style><div class=\"wpb_column vc_column_container vc_col-sm-3 vc_col-xs-6 liquid-column-69f31c2b39778 liquid-column-responsive-69f31c2b3977a\"><div class=\"vc_column-inner vc_custom_1732704725675\" ><div class=\"wpb_wrapper\" >\n\t<div  class=\"wpb_single_image wpb_content_element vc_align_  liquid_vc_single_image-69f31c2b3dea6\">\n\t\t\n\t\t<figure class=\"wpb_wrapper vc_figure\">\n\t\t\t<div class=\"vc_single_image-wrapper    loaded\"><img decoding=\"async\" width=\"280\" height=\"316\" src=\"https:\/\/www.bremerhavenpilot.de\/wp-content\/uploads\/2025\/01\/HL-Siegel.svg\" class=\"vc_single_image-img attachment-full\" alt=\"Siegel Hafenlootse in Bremerhaven\" title=\"HL-Siegel\" itemprop=\"image\" \/><\/div>\n\t\t<\/figure>\n\t<\/div>\n<\/div><\/div><\/div><div class=\"wpb_column vc_column_container vc_col-sm-3 vc_col-xs-6 liquid-column-69f31c2b3e46e\"><div class=\"vc_column-inner\" ><div class=\"wpb_wrapper\" ><style>.ld_spacer_69f31c2b3e5aa{height:98px;}<\/style>\n<div class=\"ld-empty-space ld_spacer_69f31c2b3e5aa\"><\/div>\n\t<div class=\"wpb_text_column wpb_content_element\" >\n\t\t<div class=\"wpb_wrapper\">\n\t\t\t<p><span style=\"color: #ffffff;\"><strong>Hafenlotsengesellschaft Bremerhaven \u2028<\/strong><\/span><br \/>\n<span style=\"color: #ffffff;\">(K\u00f6rperschaft des \u00f6ffentlichen Rechts)<\/span><br \/>\n<span style=\"color: #ffffff;\">Geo-Plate-Strasse 1<\/span><br \/>\n<span style=\"color: #ffffff;\">27568 Bremerhaven<br>\nGermany<\/span><\/p>\n\n\t\t<\/div>\n\t<\/div>\n<\/div><\/div><\/div><div class=\"wpb_column vc_column_container vc_col-sm-3 vc_col-xs-6 liquid-column-69f31c2b3ebac\"><div class=\"vc_column-inner\" ><div class=\"wpb_wrapper\" ><style>.ld_spacer_69f31c2b3ec3e{height:98px;}<\/style>\n<div class=\"ld-empty-space ld_spacer_69f31c2b3ec3e\"><\/div>\n\t<div class=\"wpb_text_column wpb_content_element\" >\n\t\t<div class=\"wpb_wrapper\">\n\t\t\t<p><span style=\"color: #ffffff;\">Phone: <a style=\"color: #ffffff;\" href=\"tel:+4947140880\">+49 471 40880<\/a><\/span><br \/>\n<span style=\"color: #ffffff;\">Email: <a style=\"color: #ffffff;\" href=\"mailto:pilot@bremerhavenpilot.de\">pilot@bremerhavenpilot.de<\/a><\/span><\/p>\n\n\t\t<\/div>\n\t<\/div>\n<\/div><\/div><\/div><div class=\"wpb_column vc_column_container vc_col-sm-3 liquid-column-69f31c2b3f1a1\"><div class=\"vc_column-inner\" ><div class=\"wpb_wrapper\" ><style>.ld_spacer_69f31c2b3f234{height:98px;}<\/style>\n<div class=\"ld-empty-space ld_spacer_69f31c2b3f234\"><\/div>\n\t<div class=\"wpb_text_column wpb_content_element\" >\n\t\t<div class=\"wpb_wrapper\">\n\t\t\t<p><a href=\"https:\/\/www.bremerhavenpilot.de\/en\/impressum\/\"><span style=\"color: #ffffff;\">Imprint<\/span><\/a><br \/>\n<a href=\"https:\/\/www.bremerhavenpilot.de\/en\/datenschutz\/\"><span style=\"color: #ffffff;\">Privacy Note<\/span><\/a><br \/>\n<a href=\"https:\/\/www.bremerhavenpilot.de\/en\/barrierefreiheitserklaerung\/\"><span style=\"color: #ffffff;\">Declaration of accessibility<\/span><\/a><\/p>\n\n\t\t<\/div>\n\t<\/div>\n<\/div><\/div><\/div><\/div><\/div><\/div><style>.ld_spacer_69f31c2b3f3f5{height:90px;}<\/style>\n<div class=\"ld-empty-space ld_spacer_69f31c2b3f3f5\"><\/div><\/div><\/div><\/div><\/div><\/div><\/section><section data-bg-image=\"url\" class=\"vc_row hidden-md hidden-lg hl-footer vc_custom_1737016231308 liquid-row-shadowbox-69f31c2b3f8c2 vc_row-has-fill vc_row-has-bg\"><div class=\"ld-container container-fluid\"><div class=\"row ld-row ld-row-outer\"><div class=\"wpb_column vc_column_container vc_col-sm-12 liquid-column-69f31c2b3fd55\"><div class=\"vc_column-inner\" ><div class=\"wpb_wrapper\"  ><div class=\"vc_row vc_inner vc_row-fluid liquid-row-shadowbox-69f31c2b3ff56\"><div class=\"ld-container container-fluid\"><div class=\"row ld-row ld-row-inner\"><div class=\"wpb_column vc_column_container vc_col-sm-12 text-center text-md-left liquid-column-69f31c2b40403\"><div class=\"vc_column-inner\" ><div class=\"wpb_wrapper\" >\n\t<div  class=\"wpb_single_image wpb_content_element vc_align_   hl-footer-siegel liquid_vc_single_image-69f31c2b43a4e\">\n\t\t\n\t\t<figure class=\"wpb_wrapper vc_figure\">\n\t\t\t<div class=\"vc_single_image-wrapper    loaded\"><img decoding=\"async\" width=\"280\" height=\"316\" src=\"https:\/\/www.bremerhavenpilot.de\/wp-content\/uploads\/2025\/01\/HL-Siegel.svg\" class=\"vc_single_image-img attachment-full\" alt=\"Siegel Hafenlootse in Bremerhaven\" title=\"HL-Siegel\" itemprop=\"image\" \/><\/div>\n\t\t<\/figure>\n\t<\/div>\n<\/div><\/div><\/div><\/div><\/div><\/div><div class=\"vc_row vc_inner vc_row-fluid liquid-row-shadowbox-69f31c2b43d00\"><div class=\"ld-container container-fluid\"><div class=\"row ld-row ld-row-inner\"><style>@media (min-width: 992px) { .liquid-column-responsive-69f31c2b440dc > .vc_column-inner {margin-top:32px !important;  }  } @media (min-width: 1200px) { .liquid-column-responsive-69f31c2b440dc > .vc_column-inner {margin-top:-100px !important; margin-left:150px !important;  }  } <\/style><div class=\"wpb_column vc_column_container vc_col-sm-4 liquid-column-69f31c2b440da liquid-column-responsive-69f31c2b440dc\"><div class=\"vc_column-inner\" ><div class=\"wpb_wrapper\" >\n\t<div class=\"wpb_text_column wpb_content_element\" >\n\t\t<div class=\"wpb_wrapper\">\n\t\t\t<p><span style=\"color: #ffffff;\"><strong>Hafenlotsengesellschaft Bremerhaven \u2028<\/strong><\/span><br \/>\n<span style=\"color: #ffffff;\">(K\u00f6rperschaft des \u00f6ffentlichen Rechts)<\/span><br \/>\n<span style=\"color: #ffffff;\">Geo-Plate-Strasse 1<\/span><br \/>\n<span style=\"color: #ffffff;\">27568 Bremerhaven<br>\nGermany<\/span><\/p>\n\n\t\t<\/div>\n\t<\/div>\n<\/div><\/div><\/div><div class=\"wpb_column vc_column_container vc_col-sm-4 liquid-column-69f31c2b4450a\"><div class=\"vc_column-inner\" ><div class=\"wpb_wrapper\" ><style>.ld_spacer_69f31c2b44574{height:38px;}<\/style>\n<div class=\"ld-empty-space ld_spacer_69f31c2b44574\"><\/div>\n\t<div class=\"wpb_text_column wpb_content_element\" >\n\t\t<div class=\"wpb_wrapper\">\n\t\t\t<p><span style=\"color: #ffffff;\">Phone: <a style=\"color: #ffffff;\" href=\"tel:+4947140880\">+49 471 40880<\/a><\/span><br \/>\n<span style=\"color: #ffffff;\">Email: <a style=\"color: #ffffff;\" href=\"mailto:pilot@bremerhavenpilot.de\">pilot@bremerhavenpilot.de<\/a><\/span><\/p>\n\n\t\t<\/div>\n\t<\/div>\n<\/div><\/div><\/div><div class=\"wpb_column vc_column_container vc_col-sm-4 liquid-column-69f31c2b44916\"><div class=\"vc_column-inner\" ><div class=\"wpb_wrapper\" ><style>.ld_spacer_69f31c2b44985{height:38px;}<\/style>\n<div class=\"ld-empty-space ld_spacer_69f31c2b44985\"><\/div>\n\t<div class=\"wpb_text_column wpb_content_element\" >\n\t\t<div class=\"wpb_wrapper\">\n\t\t\t<p><a href=\"https:\/\/www.bremerhavenpilot.de\/en\/impressum\/\"><span style=\"color: #ffffff;\">Imprint<\/span><\/a><br \/>\n<a href=\"https:\/\/www.bremerhavenpilot.de\/en\/datenschutz\/\"><span style=\"color: #ffffff;\">Privacy Note<\/span><\/a><br \/>\n<a href=\"https:\/\/www.bremerhavenpilot.de\/en\/barrierefreiheitserklaerung\/\"><span style=\"color: #ffffff;\">Declaration of accessibility<\/span><\/a><\/p>\n\n\t\t<\/div>\n\t<\/div>\n<\/div><\/div><\/div><\/div><\/div><\/div><style>.ld_spacer_69f31c2b44a94{height:48px;}<\/style>\n<div class=\"ld-empty-space ld_spacer_69f31c2b44a94\"><\/div><\/div><\/div><\/div><\/div><\/div><\/section>","protected":false},"excerpt":{"rendered":"Erkl\u00e4rung zur Barriere\u00adfreiheit Wir bem\u00fchen uns, diesen Webauftritt oder mobile Anwendung barrierefrei zu machen. Die Erkl\u00e4rung zur Barrierefreiheit wird im Bremischen Behindertengleichstellungsgesetz verlangt. Die technischen Anforderungen zur Barrierefreiheit ergeben sich aus der BITV 2.0. Diese Erkl\u00e4rung zur digitalen Barrierefreiheit gilt f\u00fcr den unter https:\/\/www.bremerhavenpilot.de\/ ver\u00f6ffentlichten Webauftritt der Hafenlotsengesellschaft Bremerhaven (K\u00f6rperschaft des \u00f6ffentlichen Rechts) Wie barrierefrei [...]","protected":false},"author":1,"featured_media":0,"parent":0,"menu_order":0,"comment_status":"closed","ping_status":"closed","template":"","meta":{"inline_featured_image":false,"footnotes":""},"class_list":["post-496","page","type-page","status-publish","hentry"],"yoast_head":"<!-- This site is optimized with the Yoast SEO plugin v27.5 - https:\/\/yoast.com\/product\/yoast-seo-wordpress\/ -->\n<title>Barrierefreiheitserkl\u00e4rung - Hafenlotsen<\/title>\n<meta name=\"robots\" content=\"index, follow, max-snippet:-1, max-image-preview:large, max-video-preview:-1\" \/>\n<link rel=\"canonical\" href=\"https:\/\/www.bremerhavenpilot.de\/en\/barrierefreiheitserklaerung\/\" \/>\n<meta property=\"og:locale\" content=\"en_US\" \/>\n<meta property=\"og:type\" content=\"article\" \/>\n<meta property=\"og:title\" content=\"Barrierefreiheitserkl\u00e4rung - Hafenlotsen\" \/>\n<meta property=\"og:url\" content=\"https:\/\/www.bremerhavenpilot.de\/en\/barrierefreiheitserklaerung\/\" \/>\n<meta property=\"og:site_name\" content=\"Hafenlotsen\" \/>\n<meta property=\"article:modified_time\" content=\"2026-01-30T09:57:04+00:00\" \/>\n<meta name=\"twitter:card\" content=\"summary_large_image\" \/>\n<meta name=\"twitter:label1\" content=\"Est. reading time\" \/>\n\t<meta name=\"twitter:data1\" content=\"4 minutes\" \/>\n<script type=\"application\/ld+json\" class=\"yoast-schema-graph\">{\"@context\":\"https:\\\/\\\/schema.org\",\"@graph\":[{\"@type\":\"WebPage\",\"@id\":\"https:\\\/\\\/www.bremerhavenpilot.de\\\/barrierefreiheitserklaerung\\\/\",\"url\":\"https:\\\/\\\/www.bremerhavenpilot.de\\\/barrierefreiheitserklaerung\\\/\",\"name\":\"Barrierefreiheitserkl\u00e4rung - Hafenlotsen\",\"isPartOf\":{\"@id\":\"https:\\\/\\\/www.bremerhavenpilot.de\\\/#website\"},\"datePublished\":\"2024-11-27T10:57:46+00:00\",\"dateModified\":\"2026-01-30T09:57:04+00:00\",\"breadcrumb\":{\"@id\":\"https:\\\/\\\/www.bremerhavenpilot.de\\\/barrierefreiheitserklaerung\\\/#breadcrumb\"},\"inLanguage\":\"en-US\",\"potentialAction\":[{\"@type\":\"ReadAction\",\"target\":[\"https:\\\/\\\/www.bremerhavenpilot.de\\\/barrierefreiheitserklaerung\\\/\"]}]},{\"@type\":\"BreadcrumbList\",\"@id\":\"https:\\\/\\\/www.bremerhavenpilot.de\\\/barrierefreiheitserklaerung\\\/#breadcrumb\",\"itemListElement\":[{\"@type\":\"ListItem\",\"position\":1,\"name\":\"Startseite\",\"item\":\"https:\\\/\\\/www.bremerhavenpilot.de\\\/\"},{\"@type\":\"ListItem\",\"position\":2,\"name\":\"Barrierefreiheitserkl\u00e4rung\"}]},{\"@type\":\"WebSite\",\"@id\":\"https:\\\/\\\/www.bremerhavenpilot.de\\\/#website\",\"url\":\"https:\\\/\\\/www.bremerhavenpilot.de\\\/\",\"name\":\"Hafenlotsen\",\"description\":\"\",\"potentialAction\":[{\"@type\":\"SearchAction\",\"target\":{\"@type\":\"EntryPoint\",\"urlTemplate\":\"https:\\\/\\\/www.bremerhavenpilot.de\\\/?s={search_term_string}\"},\"query-input\":{\"@type\":\"PropertyValueSpecification\",\"valueRequired\":true,\"valueName\":\"search_term_string\"}}],\"inLanguage\":\"en-US\"}]}<\/script>\n<!-- \/ Yoast SEO plugin. -->","yoast_head_json":{"title":"Barrierefreiheitserkl\u00e4rung - Hafenlotsen","robots":{"index":"index","follow":"follow","max-snippet":"max-snippet:-1","max-image-preview":"max-image-preview:large","max-video-preview":"max-video-preview:-1"},"canonical":"https:\/\/www.bremerhavenpilot.de\/en\/barrierefreiheitserklaerung\/","og_locale":"en_US","og_type":"article","og_title":"Barrierefreiheitserkl\u00e4rung - Hafenlotsen","og_url":"https:\/\/www.bremerhavenpilot.de\/en\/barrierefreiheitserklaerung\/","og_site_name":"Hafenlotsen","article_modified_time":"2026-01-30T09:57:04+00:00","twitter_card":"summary_large_image","twitter_misc":{"Est. reading time":"4 minutes"},"schema":{"@context":"https:\/\/schema.org","@graph":[{"@type":"WebPage","@id":"https:\/\/www.bremerhavenpilot.de\/barrierefreiheitserklaerung\/","url":"https:\/\/www.bremerhavenpilot.de\/barrierefreiheitserklaerung\/","name":"Barrierefreiheitserkl\u00e4rung - Hafenlotsen","isPartOf":{"@id":"https:\/\/www.bremerhavenpilot.de\/#website"},"datePublished":"2024-11-27T10:57:46+00:00","dateModified":"2026-01-30T09:57:04+00:00","breadcrumb":{"@id":"https:\/\/www.bremerhavenpilot.de\/barrierefreiheitserklaerung\/#breadcrumb"},"inLanguage":"en-US","potentialAction":[{"@type":"ReadAction","target":["https:\/\/www.bremerhavenpilot.de\/barrierefreiheitserklaerung\/"]}]},{"@type":"BreadcrumbList","@id":"https:\/\/www.bremerhavenpilot.de\/barrierefreiheitserklaerung\/#breadcrumb","itemListElement":[{"@type":"ListItem","position":1,"name":"Startseite","item":"https:\/\/www.bremerhavenpilot.de\/"},{"@type":"ListItem","position":2,"name":"Barrierefreiheitserkl\u00e4rung"}]},{"@type":"WebSite","@id":"https:\/\/www.bremerhavenpilot.de\/#website","url":"https:\/\/www.bremerhavenpilot.de\/","name":"Hafenlotsen","description":"","potentialAction":[{"@type":"SearchAction","target":{"@type":"EntryPoint","urlTemplate":"https:\/\/www.bremerhavenpilot.de\/?s={search_term_string}"},"query-input":{"@type":"PropertyValueSpecification","valueRequired":true,"valueName":"search_term_string"}}],"inLanguage":"en-US"}]}},"_links":{"self":[{"href":"https:\/\/www.bremerhavenpilot.de\/en\/wp-json\/wp\/v2\/pages\/496","targetHints":{"allow":["GET"]}}],"collection":[{"href":"https:\/\/www.bremerhavenpilot.de\/en\/wp-json\/wp\/v2\/pages"}],"about":[{"href":"https:\/\/www.bremerhavenpilot.de\/en\/wp-json\/wp\/v2\/types\/page"}],"author":[{"embeddable":true,"href":"https:\/\/www.bremerhavenpilot.de\/en\/wp-json\/wp\/v2\/users\/1"}],"replies":[{"embeddable":true,"href":"https:\/\/www.bremerhavenpilot.de\/en\/wp-json\/wp\/v2\/comments?post=496"}],"version-history":[{"count":30,"href":"https:\/\/www.bremerhavenpilot.de\/en\/wp-json\/wp\/v2\/pages\/496\/revisions"}],"predecessor-version":[{"id":849,"href":"https:\/\/www.bremerhavenpilot.de\/en\/wp-json\/wp\/v2\/pages\/496\/revisions\/849"}],"wp:attachment":[{"href":"https:\/\/www.bremerhavenpilot.de\/en\/wp-json\/wp\/v2\/media?parent=496"}],"curies":[{"name":"wp","href":"https:\/\/api.w.org\/{rel}","templated":true}]}}